{"id":33,"date":"2026-02-27T00:10:34","date_gmt":"2026-02-27T00:10:34","guid":{"rendered":"http:\/\/0vc.35f.mytemp.website\/?page_id=33"},"modified":"2026-03-03T15:36:49","modified_gmt":"2026-03-03T15:36:49","slug":"sobre-nosotros","status":"publish","type":"page","link":"https:\/\/gondolegal.com\/en\/sobre-nosotros\/","title":{"rendered":"Sobre Nosotros"},"content":{"rendered":"<div class=\"wp-block-group alignfull is-layout-flow wp-container-core-group-is-layout-f9cb6abc wp-block-group-is-layout-flow\" style=\"margin-top:0;margin-bottom:0\">\n<div class=\"wp-block-columns alignfull is-style-section-2 is-layout-flex wp-container-core-columns-is-layout-d9884270 wp-block-columns-is-layout-flex is-style-section-2--1\" style=\"padding-top:0;padding-bottom:0\">\n<div class=\"wp-block-column is-layout-flow wp-block-column-is-layout-flow\" style=\"flex-basis:50%\">\n<div class=\"wp-block-group has-text-color has-background has-link-color wp-elements-2dcebc4a55c2725786af543557c950c3 is-vertical is-content-justification-stretch is-layout-flex wp-container-core-group-is-layout-098fff0a wp-block-group-is-layout-flex\" style=\"color:#2e2e2e;background-color:#0f0f0f;min-height:33vh;padding-top:var(--wp--preset--spacing--50);padding-right:var(--wp--preset--spacing--50);padding-bottom:var(--wp--preset--spacing--50);padding-left:var(--wp--preset--spacing--50)\">\n<p class=\"has-base-color has-text-color has-link-color wp-elements-99d5aa6fd874fae9dd9961fe7913827d\"><strong>G\u00f3ndola &amp; G\u00f3ndola<\/strong>&nbsp;es una firma legal boutique con sede en Panam\u00e1, dedicada a la asesor\u00eda estrat\u00e9gica y representaci\u00f3n jur\u00eddica en asuntos corporativos, litigiosos y patrimoniales.<\/p>\n\n\n\n<p class=\"has-base-color has-text-color has-link-color wp-elements-8ac0852c0e386c4a852463414bda6dc2\">Nuestra pr\u00e1ctica se fundamenta en el an\u00e1lisis t\u00e9cnico, la discreci\u00f3n profesional y la defensa firme de los intereses de nuestros clientes.<\/p>\n\n\n\n<h3 class=\"wp-block-heading\">Misi\u00f3n<\/h3>\n\n\n\n<p class=\"has-base-color has-text-color has-link-color wp-elements-984b263a4be7685436595ff45dd4b0a8\">Ejercer el derecho con rigor t\u00e9cnico y visi\u00f3n estrat\u00e9gica.<\/p>\n\n\n\n<h3 class=\"wp-block-heading has-base-color has-text-color has-link-color wp-elements-899e12f2e4987c053b2a81f8b9502515\">Visi\u00f3n<\/h3>\n\n\n\n<p class=\"has-base-color has-text-color has-link-color wp-elements-57d22007b70ea3026636986236266af9\">Consolidarnos como firma de referencia en asesor\u00eda legal de alto nivel en Panam\u00e1.<\/p>\n\n\n\n<h3 class=\"wp-block-heading\">Valores<\/h3>\n\n\n\n<ul class=\"wp-block-list\">\n<li class=\"has-base-color has-text-color has-link-color wp-elements-f0d4a2bff5f5a82020337a8a55ecedd3\">Criterio jur\u00eddico<\/li>\n\n\n\n<li class=\"has-base-color has-text-color has-link-color wp-elements-accce19f51338a27542c23568ccc063c\">Confidencialidad<\/li>\n\n\n\n<li class=\"has-base-color has-text-color has-link-color wp-elements-d4d9e35061bd4af3e6e1631b2a1aee69\">Responsabilidad<\/li>\n\n\n\n<li class=\"has-base-color has-text-color has-link-color wp-elements-096772854abb9935320776763004628b\">Excelencia t\u00e9cnica<\/li>\n\n\n\n<li><\/li>\n<\/ul>\n<\/div>\n<\/div>\n\n\n\n<div class=\"wp-block-column has-background is-layout-flow wp-block-column-is-layout-flow\" style=\"background-color:#0f0f0f;flex-basis:50%\">\n<div class=\"wp-block-cover wp-duotone-midnight-filter\"><img loading=\"lazy\" decoding=\"async\" width=\"1024\" height=\"683\" class=\"wp-block-cover__image-background wp-image-251 size-large\" alt=\"\" src=\"http:\/\/gondolegal.com\/wp-content\/uploads\/2026\/03\/ChatGPT-Image-1-mar-2026-18_08_01-1-1024x683.png\" data-object-fit=\"cover\" srcset=\"https:\/\/gondolegal.com\/wp-content\/uploads\/2026\/03\/ChatGPT-Image-1-mar-2026-18_08_01-1-1024x683.png 1024w, https:\/\/gondolegal.com\/wp-content\/uploads\/2026\/03\/ChatGPT-Image-1-mar-2026-18_08_01-1-300x200.png 300w, https:\/\/gondolegal.com\/wp-content\/uploads\/2026\/03\/ChatGPT-Image-1-mar-2026-18_08_01-1-768x512.png 768w, https:\/\/gondolegal.com\/wp-content\/uploads\/2026\/03\/ChatGPT-Image-1-mar-2026-18_08_01-1-18x12.png 18w, https:\/\/gondolegal.com\/wp-content\/uploads\/2026\/03\/ChatGPT-Image-1-mar-2026-18_08_01-1.png 1536w\" sizes=\"auto, (max-width: 1024px) 100vw, 1024px\" \/><span aria-hidden=\"true\" class=\"wp-block-cover__background has-background-dim-0 has-background-dim\" style=\"background-color:#3d3b3c\"><\/span><div class=\"wp-block-cover__inner-container is-layout-flow wp-block-cover-is-layout-flow\">\n<div style=\"height:var(--wp--preset--spacing--20)\" aria-hidden=\"true\" class=\"wp-block-spacer\"><\/div>\n<\/div><\/div>\n<\/div>\n<\/div>\n<\/div>","protected":false},"excerpt":{"rendered":"<p>G\u00f3ndola &amp; G\u00f3ndola&nbsp;es una firma legal boutique con sede en Panam\u00e1, dedicada a la asesor\u00eda estrat\u00e9gica y representaci\u00f3n jur\u00eddica en asuntos corporativos, litigiosos y patrimoniales. Nuestra pr\u00e1ctica se fundamenta en el an\u00e1lisis t\u00e9cnico, la discreci\u00f3n profesional y la defensa firme de los intereses de nuestros clientes. Misi\u00f3n Ejercer el derecho con rigor t\u00e9cnico y visi\u00f3n [&hellip;]<\/p>\n","protected":false},"author":1,"featured_media":250,"parent":0,"menu_order":0,"comment_status":"closed","ping_status":"closed","template":"","meta":{"footnotes":""},"class_list":["post-33","page","type-page","status-publish","has-post-thumbnail","hentry"],"_links":{"self":[{"href":"https:\/\/gondolegal.com\/en\/wp-json\/wp\/v2\/pages\/33","targetHints":{"allow":["GET"]}}],"collection":[{"href":"https:\/\/gondolegal.com\/en\/wp-json\/wp\/v2\/pages"}],"about":[{"href":"https:\/\/gondolegal.com\/en\/wp-json\/wp\/v2\/types\/page"}],"author":[{"embeddable":true,"href":"https:\/\/gondolegal.com\/en\/wp-json\/wp\/v2\/users\/1"}],"replies":[{"embeddable":true,"href":"https:\/\/gondolegal.com\/en\/wp-json\/wp\/v2\/comments?post=33"}],"version-history":[{"count":10,"href":"https:\/\/gondolegal.com\/en\/wp-json\/wp\/v2\/pages\/33\/revisions"}],"predecessor-version":[{"id":264,"href":"https:\/\/gondolegal.com\/en\/wp-json\/wp\/v2\/pages\/33\/revisions\/264"}],"wp:featuredmedia":[{"embeddable":true,"href":"https:\/\/gondolegal.com\/en\/wp-json\/wp\/v2\/media\/250"}],"wp:attachment":[{"href":"https:\/\/gondolegal.com\/en\/wp-json\/wp\/v2\/media?parent=33"}],"curies":[{"name":"wp","href":"https:\/\/api.w.org\/{rel}","templated":true}]}}