{"id":81,"date":"2026-02-27T00:02:23","date_gmt":"2026-02-27T00:02:23","guid":{"rendered":"http:\/\/0vc.35f.mytemp.website\/?page_id=81"},"modified":"2026-03-25T12:23:12","modified_gmt":"2026-03-25T12:23:12","slug":"servicios","status":"publish","type":"page","link":"https:\/\/gondolegal.com\/en\/servicios\/","title":{"rendered":"Servicios"},"content":{"rendered":"<div class=\"wp-block-group alignfull has-global-padding is-layout-constrained wp-block-group-is-layout-constrained\" style=\"margin-top:0;margin-bottom:0\">\n<h3 class=\"wp-block-heading\">Derecho Corporativo y Societario<\/h3>\n\n\n\n<ul class=\"wp-block-list\">\n<li>Constituci\u00f3n de sociedades<\/li>\n\n\n\n<li>Cuentas bancarias<\/li>\n\n\n\n<li>Estructuraci\u00f3n corporativa<\/li>\n\n\n\n<li>Reformas de estatutos<\/li>\n\n\n\n<li>Pactos de accionistas<\/li>\n\n\n\n<li>Reorganizaciones y fusiones b\u00e1sicas<\/li>\n\n\n\n<li>Due diligence legal<\/li>\n<\/ul>\n\n\n\n<hr class=\"wp-block-separator has-alpha-channel-opacity\"\/>\n\n\n\n<h3 class=\"wp-block-heading\">Derecho Tributario Corporativo<\/h3>\n\n\n\n<ul class=\"wp-block-list\">\n<li>Cumplimiento tributario empresarial<\/li>\n\n\n\n<li>Planificaci\u00f3n fiscal estrat\u00e9gica<\/li>\n\n\n\n<li>Estructuraci\u00f3n fiscal corporativa<\/li>\n\n\n\n<li>Opiniones tributarias<\/li>\n\n\n\n<li>Defensa y atenci\u00f3n ante la DGI<\/li>\n\n\n\n<li>Asesor\u00eda en precios de transferencia<\/li>\n<\/ul>\n\n\n\n<hr class=\"wp-block-separator has-alpha-channel-opacity\"\/>\n\n\n\n<h3 class=\"wp-block-heading\">Propiedad Intelectual y Marcas<\/h3>\n\n\n\n<ul class=\"wp-block-list\">\n<li>Registro de marcas<\/li>\n\n\n\n<li>Renovaciones y mantenimiento<\/li>\n\n\n\n<li>Vigilancia marcaria<\/li>\n\n\n\n<li>Cesiones y licencias<\/li>\n\n\n\n<li>Protecci\u00f3n de activos intangibles<\/li>\n<\/ul>\n\n\n\n<hr class=\"wp-block-separator has-alpha-channel-opacity\"\/>\n\n\n\n<h3 class=\"wp-block-heading\">Derecho Migratorio Corporativo<\/h3>\n\n\n\n<ul class=\"wp-block-list\">\n<li>Permisos de trabajo<\/li>\n\n\n\n<li>Residencias para ejecutivos e inversionistas<\/li>\n\n\n\n<li>Reubicaci\u00f3n empresarial<\/li>\n\n\n\n<li>Asesor\u00eda en inversi\u00f3n extranjera<\/li>\n<\/ul>\n\n\n\n<hr class=\"wp-block-separator has-alpha-channel-opacity\"\/>\n\n\n\n<h3 class=\"wp-block-heading\">Derecho Laboral Empresarial<\/h3>\n\n\n\n<ul class=\"wp-block-list\">\n<li>Contratos laborales<\/li>\n\n\n\n<li>Reglamentos internos<\/li>\n\n\n\n<li>Terminaciones laborales estrat\u00e9gicas<\/li>\n\n\n\n<li>Cumplimiento ante MITRADEL<\/li>\n\n\n\n<li>Auditor\u00edas laborales<\/li>\n<\/ul>\n\n\n\n<hr class=\"wp-block-separator has-alpha-channel-opacity\"\/>\n\n\n\n<h3 class=\"wp-block-heading\">Contratos Comerciales<\/h3>\n\n\n\n<ul class=\"wp-block-list\">\n<li>Contratos B2B<\/li>\n\n\n\n<li>Contratos de distribuci\u00f3n<\/li>\n\n\n\n<li>Contratos de prestaci\u00f3n de servicios<\/li>\n\n\n\n<li>Acuerdos de confidencialidad<\/li>\n\n\n\n<li>Joint ventures<\/li>\n<\/ul>\n\n\n\n<hr class=\"wp-block-separator has-alpha-channel-opacity\"\/>\n\n\n\n<h3 class=\"wp-block-heading\">Compliance y Gesti\u00f3n de Riesgos Corporativos<\/h3>\n\n\n\n<ul class=\"wp-block-list\">\n<li>Manuales corporativos<\/li>\n\n\n\n<li>Compliance tributario<\/li>\n\n\n\n<li>Gobierno corporativo b\u00e1sico<\/li>\n\n\n\n<li>Debida diligencia<\/li>\n\n\n\n<li>Prevenci\u00f3n y gesti\u00f3n de riesgos empresariales<\/li>\n<\/ul>\n\n\n\n<hr class=\"wp-block-separator alignfull has-alpha-channel-opacity\"\/>\n\n\n\n<div style=\"height:var(--wp--preset--spacing--30)\" aria-hidden=\"true\" class=\"wp-block-spacer\"><\/div>\n<\/div>\n\n\n\n<div class=\"wp-block-group alignfull has-global-padding is-layout-constrained wp-block-group-is-layout-constrained\" style=\"margin-top:0;margin-bottom:0\">\n<div class=\"wp-block-group alignwide has-global-padding is-layout-constrained wp-block-group-is-layout-constrained\">\n<div class=\"wp-block-group alignwide is-layout-flow wp-block-group-is-layout-flow\">\n<p class=\"has-small-font-size\">G\u00f3ndola &amp; G\u00f3ndola<\/p>\n\n\n\n<p class=\"has-small-font-size\">info@gondolegal.com<\/p>\n\n\n\n<p class=\"has-small-font-size\">+50765143637<\/p>\n<\/div>\n<\/div>\n<\/div>","protected":false},"excerpt":{"rendered":"<p>Derecho Corporativo y Societario Derecho Tributario Corporativo Propiedad Intelectual y Marcas Derecho Migratorio Corporativo Derecho Laboral Empresarial Contratos Comerciales Compliance y Gesti\u00f3n de Riesgos Corporativos G\u00f3ndola &amp; G\u00f3ndola info@gondolegal.com +50765143637<\/p>","protected":false},"author":1,"featured_media":255,"parent":0,"menu_order":0,"comment_status":"closed","ping_status":"closed","template":"","meta":{"footnotes":""},"class_list":["post-81","page","type-page","status-publish","has-post-thumbnail","hentry"],"_links":{"self":[{"href":"https:\/\/gondolegal.com\/en\/wp-json\/wp\/v2\/pages\/81","targetHints":{"allow":["GET"]}}],"collection":[{"href":"https:\/\/gondolegal.com\/en\/wp-json\/wp\/v2\/pages"}],"about":[{"href":"https:\/\/gondolegal.com\/en\/wp-json\/wp\/v2\/types\/page"}],"author":[{"embeddable":true,"href":"https:\/\/gondolegal.com\/en\/wp-json\/wp\/v2\/users\/1"}],"replies":[{"embeddable":true,"href":"https:\/\/gondolegal.com\/en\/wp-json\/wp\/v2\/comments?post=81"}],"version-history":[{"count":8,"href":"https:\/\/gondolegal.com\/en\/wp-json\/wp\/v2\/pages\/81\/revisions"}],"predecessor-version":[{"id":267,"href":"https:\/\/gondolegal.com\/en\/wp-json\/wp\/v2\/pages\/81\/revisions\/267"}],"wp:featuredmedia":[{"embeddable":true,"href":"https:\/\/gondolegal.com\/en\/wp-json\/wp\/v2\/media\/255"}],"wp:attachment":[{"href":"https:\/\/gondolegal.com\/en\/wp-json\/wp\/v2\/media?parent=81"}],"curies":[{"name":"wp","href":"https:\/\/api.w.org\/{rel}","templated":true}]}}